{"id":79,"date":"2022-02-28T13:49:59","date_gmt":"2022-02-28T13:49:59","guid":{"rendered":"https:\/\/hochzeit.weinbau-elias-bachmann.ch\/?page_id=79"},"modified":"2022-04-11T10:54:19","modified_gmt":"2022-04-11T10:54:19","slug":"wunschliste","status":"publish","type":"page","link":"https:\/\/hochzeit.weinbau-elias-bachmann.ch\/?page_id=79","title":{"rendered":"Wunschliste"},"content":{"rendered":"\n<p class=\"lesbar\">Unser gr\u00f6\u00dftes Geschenk ist es, mit euch zu feiern!<br>Wenn ihr uns zus\u00e4tzlich eine Freude machen wollt, danken wir euch herzlich f\u00fcr einen Bargeld-Beitrag, damit <strong>wir <\/strong>uns folgende W\u00fcnsche nach der Hochzeit erf\u00fcllen k\u00f6nnen: <br>Bei Fragen helfen euch unsere Trauzeugen gerne weiter. <\/p>\n\n\n\n<div class=\"wp-block-columns is-layout-flex wp-container-core-columns-is-layout-9d6595d7 wp-block-columns-is-layout-flex\">\n<div class=\"wp-block-column is-layout-flow wp-block-column-is-layout-flow\">\n<figure class=\"wp-block-image size-full\"><img loading=\"lazy\" decoding=\"async\" width=\"600\" height=\"600\" src=\"https:\/\/hochzeit.weinbau-elias-bachmann.ch\/wp-content\/uploads\/2022\/04\/Solis-Table-Grill-5-in-1-von-Fust-1.jpg\" alt=\"\" class=\"wp-image-210\" srcset=\"https:\/\/hochzeit.weinbau-elias-bachmann.ch\/wp-content\/uploads\/2022\/04\/Solis-Table-Grill-5-in-1-von-Fust-1.jpg 600w, https:\/\/hochzeit.weinbau-elias-bachmann.ch\/wp-content\/uploads\/2022\/04\/Solis-Table-Grill-5-in-1-von-Fust-1-300x300.jpg 300w, https:\/\/hochzeit.weinbau-elias-bachmann.ch\/wp-content\/uploads\/2022\/04\/Solis-Table-Grill-5-in-1-von-Fust-1-150x150.jpg 150w\" sizes=\"auto, (max-width: 600px) 100vw, 600px\" \/><\/figure>\n\n\n\n<p><strong>Solis&nbsp;Table Grill 5 in 1<\/strong><br><strong>c<\/strong>a. 250 Fr.<\/p>\n<\/div>\n\n\n\n<div class=\"wp-block-column is-layout-flow wp-block-column-is-layout-flow\">\n<figure class=\"wp-block-image size-full\"><img loading=\"lazy\" decoding=\"async\" width=\"720\" height=\"720\" src=\"https:\/\/hochzeit.weinbau-elias-bachmann.ch\/wp-content\/uploads\/2022\/04\/Spiegelau-Rotweinglas.jpg\" alt=\"\" class=\"wp-image-240\" srcset=\"https:\/\/hochzeit.weinbau-elias-bachmann.ch\/wp-content\/uploads\/2022\/04\/Spiegelau-Rotweinglas.jpg 720w, https:\/\/hochzeit.weinbau-elias-bachmann.ch\/wp-content\/uploads\/2022\/04\/Spiegelau-Rotweinglas-300x300.jpg 300w, https:\/\/hochzeit.weinbau-elias-bachmann.ch\/wp-content\/uploads\/2022\/04\/Spiegelau-Rotweinglas-150x150.jpg 150w\" sizes=\"auto, (max-width: 720px) 100vw, 720px\" \/><\/figure>\n\n\n\n<p><strong>Weingl\u00e4ser<br><\/strong>ca. 15 Fr. pro Glas<\/p>\n<\/div>\n\n\n\n<div class=\"wp-block-column is-layout-flow wp-block-column-is-layout-flow\">\n<figure class=\"wp-block-image size-full\"><img loading=\"lazy\" decoding=\"async\" width=\"768\" height=\"768\" src=\"https:\/\/hochzeit.weinbau-elias-bachmann.ch\/wp-content\/uploads\/2022\/04\/Feuerschale-mit-Grillring-von-creasteel.jpg\" alt=\"\" class=\"wp-image-229\" srcset=\"https:\/\/hochzeit.weinbau-elias-bachmann.ch\/wp-content\/uploads\/2022\/04\/Feuerschale-mit-Grillring-von-creasteel.jpg 768w, https:\/\/hochzeit.weinbau-elias-bachmann.ch\/wp-content\/uploads\/2022\/04\/Feuerschale-mit-Grillring-von-creasteel-300x300.jpg 300w, https:\/\/hochzeit.weinbau-elias-bachmann.ch\/wp-content\/uploads\/2022\/04\/Feuerschale-mit-Grillring-von-creasteel-150x150.jpg 150w\" sizes=\"auto, (max-width: 768px) 100vw, 768px\" \/><\/figure>\n\n\n\n<p><strong>Feuerkugel mit Grillring<br><\/strong>ca. 3000 Fr.<\/p>\n<\/div>\n<\/div>\n\n\n\n<div class=\"wp-block-columns is-layout-flex wp-container-core-columns-is-layout-9d6595d7 wp-block-columns-is-layout-flex\">\n<div class=\"wp-block-column is-layout-flow wp-block-column-is-layout-flow\">\n<figure class=\"wp-block-image size-large\"><img loading=\"lazy\" decoding=\"async\" width=\"1024\" height=\"768\" src=\"https:\/\/hochzeit.weinbau-elias-bachmann.ch\/wp-content\/uploads\/2022\/04\/IMG_3660-1024x768.jpeg\" alt=\"\" class=\"wp-image-226\" srcset=\"https:\/\/hochzeit.weinbau-elias-bachmann.ch\/wp-content\/uploads\/2022\/04\/IMG_3660-1024x768.jpeg 1024w, https:\/\/hochzeit.weinbau-elias-bachmann.ch\/wp-content\/uploads\/2022\/04\/IMG_3660-300x225.jpeg 300w, https:\/\/hochzeit.weinbau-elias-bachmann.ch\/wp-content\/uploads\/2022\/04\/IMG_3660-768x576.jpeg 768w, https:\/\/hochzeit.weinbau-elias-bachmann.ch\/wp-content\/uploads\/2022\/04\/IMG_3660-1536x1152.jpeg 1536w, https:\/\/hochzeit.weinbau-elias-bachmann.ch\/wp-content\/uploads\/2022\/04\/IMG_3660.jpeg 2048w\" sizes=\"auto, (max-width: 1024px) 100vw, 1024px\" \/><\/figure>\n\n\n\n<p><strong>Ausfl\u00fcge zu zweit<\/strong><br>Preis unterschiedlich, je nach Ausflug<\/p>\n<\/div>\n\n\n\n<div class=\"wp-block-column is-layout-flow wp-block-column-is-layout-flow\">\n<figure class=\"wp-block-image size-full is-style-default\"><img loading=\"lazy\" decoding=\"async\" width=\"650\" height=\"650\" src=\"https:\/\/hochzeit.weinbau-elias-bachmann.ch\/wp-content\/uploads\/2022\/04\/wellness.jpg\" alt=\"\" class=\"wp-image-231\" srcset=\"https:\/\/hochzeit.weinbau-elias-bachmann.ch\/wp-content\/uploads\/2022\/04\/wellness.jpg 650w, https:\/\/hochzeit.weinbau-elias-bachmann.ch\/wp-content\/uploads\/2022\/04\/wellness-300x300.jpg 300w, https:\/\/hochzeit.weinbau-elias-bachmann.ch\/wp-content\/uploads\/2022\/04\/wellness-150x150.jpg 150w\" sizes=\"auto, (max-width: 650px) 100vw, 650px\" \/><\/figure>\n\n\n\n<p><strong>Wellness &#8211; Flitterwochenende<br><\/strong>500 &#8211; 1000 Fr. <\/p>\n<\/div>\n\n\n\n<div class=\"wp-block-column is-layout-flow wp-block-column-is-layout-flow\"><\/div>\n<\/div>\n\n\n\n<p style=\"font-size:8px\">Bildnachweise:<br>Solis Table Grill: https:\/\/www.fust.ch\/upload\/rm\/660240-1-d.jpg?_=1649495320000<br>Feuerkugel mit Grillring: https:\/\/creasteel.ch\/wp-content\/uploads\/2021\/10\/Feuerschale_rund_Seite_Holz-1-768&#215;768.jpg<br>Wellness Flitterwochenende: https:\/\/spainthecountry.co.za\/images\/2017\/12\/21\/spa-in-the-country-valentines-day-2018-3.jpg<br>Weingl\u00e4ser: https:\/\/storage.googleapis.com\/static-shops\/products\/720\/9b87b1c06ac99ca541918bfa75b20aa088ff.jpg<\/p>\n","protected":false},"excerpt":{"rendered":"<p>Unser gr\u00f6\u00dftes Geschenk ist es, mit euch zu feiern!Wenn ihr uns zus\u00e4tzlich eine Freude machen wollt, danken wir euch herzlich f\u00fcr einen Bargeld-Beitrag, damit wir uns folgende W\u00fcnsche nach der Hochzeit erf\u00fcllen k\u00f6nnen: Bei Fragen helfen euch unsere Trauzeugen gerne weiter. Solis&nbsp;Table Grill 5 in 1ca. 250 Fr. Weingl\u00e4serca. 15 Fr. pro Glas Feuerkugel mit [&hellip;]<\/p>\n","protected":false},"author":3,"featured_media":0,"parent":0,"menu_order":0,"comment_status":"closed","ping_status":"closed","template":"","meta":{"footnotes":""},"class_list":["post-79","page","type-page","status-publish","hentry"],"_links":{"self":[{"href":"https:\/\/hochzeit.weinbau-elias-bachmann.ch\/index.php?rest_route=\/wp\/v2\/pages\/79","targetHints":{"allow":["GET"]}}],"collection":[{"href":"https:\/\/hochzeit.weinbau-elias-bachmann.ch\/index.php?rest_route=\/wp\/v2\/pages"}],"about":[{"href":"https:\/\/hochzeit.weinbau-elias-bachmann.ch\/index.php?rest_route=\/wp\/v2\/types\/page"}],"author":[{"embeddable":true,"href":"https:\/\/hochzeit.weinbau-elias-bachmann.ch\/index.php?rest_route=\/wp\/v2\/users\/3"}],"replies":[{"embeddable":true,"href":"https:\/\/hochzeit.weinbau-elias-bachmann.ch\/index.php?rest_route=%2Fwp%2Fv2%2Fcomments&post=79"}],"version-history":[{"count":38,"href":"https:\/\/hochzeit.weinbau-elias-bachmann.ch\/index.php?rest_route=\/wp\/v2\/pages\/79\/revisions"}],"predecessor-version":[{"id":250,"href":"https:\/\/hochzeit.weinbau-elias-bachmann.ch\/index.php?rest_route=\/wp\/v2\/pages\/79\/revisions\/250"}],"wp:attachment":[{"href":"https:\/\/hochzeit.weinbau-elias-bachmann.ch\/index.php?rest_route=%2Fwp%2Fv2%2Fmedia&parent=79"}],"curies":[{"name":"wp","href":"https:\/\/api.w.org\/{rel}","templated":true}]}}